{"id":177,"date":"2026-01-19T07:35:20","date_gmt":"2026-01-19T10:35:20","guid":{"rendered":"https:\/\/planetacoloridoescola.com.br\/?page_id=177"},"modified":"2026-01-19T07:50:08","modified_gmt":"2026-01-19T10:50:08","slug":"redirecionar-whatsapp","status":"publish","type":"page","link":"https:\/\/planetacoloridoescola.com.br\/index.php\/redirecionar-whatsapp\/","title":{"rendered":"Redirecionar para o whatsapp"},"content":{"rendered":"\t\t<div data-elementor-type=\"wp-page\" data-elementor-id=\"177\" class=\"elementor elementor-177\" data-elementor-post-type=\"page\">\n\t\t\t\t<div class=\"elementor-element elementor-element-98c8f68 e-con-full e-flex e-con e-parent\" data-id=\"98c8f68\" data-element_type=\"container\" data-settings=\"{&quot;background_background&quot;:&quot;classic&quot;,&quot;shape_divider_top&quot;:&quot;wave-brush&quot;,&quot;shape_divider_bottom&quot;:&quot;mountains&quot;}\">\n\t\t\t\t<div class=\"elementor-shape elementor-shape-top\" aria-hidden=\"true\" data-negative=\"false\">\n\t\t\t<svg xmlns=\"http:\/\/www.w3.org\/2000\/svg\" viewBox=\"0 0 283.5 27.8\" preserveAspectRatio=\"none\">\n\t<path class=\"elementor-shape-fill\" d=\"M283.5,9.7c0,0-7.3,4.3-14,4.6c-6.8,0.3-12.6,0-20.9-1.5c-11.3-2-33.1-10.1-44.7-5.7\ts-12.1,4.6-18,7.4c-6.6,3.2-20,9.6-36.6,9.3C131.6,23.5,99.5,7.2,86.3,8c-1.4,0.1-6.6,0.8-10.5,2c-3.8,1.2-9.4,3.8-17,4.7\tc-3.2,0.4-8.3,1.1-14.2,0.9c-1.5-0.1-6.3-0.4-12-1.6c-5.7-1.2-11-3.1-15.8-3.7C6.5,9.2,0,10.8,0,10.8V0h283.5V9.7z M260.8,11.3\tc-0.7-1-2-0.4-4.3-0.4c-2.3,0-6.1-1.2-5.8-1.1c0.3,0.1,3.1,1.5,6,1.9C259.7,12.2,261.4,12.3,260.8,11.3z M242.4,8.6\tc0,0-2.4-0.2-5.6-0.9c-3.2-0.8-10.3-2.8-15.1-3.5c-8.2-1.1-15.8,0-15.1,0.1c0.8,0.1,9.6-0.6,17.6,1.1c3.3,0.7,9.3,2.2,12.4,2.7\tC239.9,8.7,242.4,8.6,242.4,8.6z M185.2,8.5c1.7-0.7-13.3,4.7-18.5,6.1c-2.1,0.6-6.2,1.6-10,2c-3.9,0.4-8.9,0.4-8.8,0.5\tc0,0.2,5.8,0.8,11.2,0c5.4-0.8,5.2-1.1,7.6-1.6C170.5,14.7,183.5,9.2,185.2,8.5z M199.1,6.9c0.2,0-0.8-0.4-4.8,1.1\tc-4,1.5-6.7,3.5-6.9,3.7c-0.2,0.1,3.5-1.8,6.6-3C197,7.5,199,6.9,199.1,6.9z M283,6c-0.1,0.1-1.9,1.1-4.8,2.5s-6.9,2.8-6.7,2.7\tc0.2,0,3.5-0.6,7.4-2.5C282.8,6.8,283.1,5.9,283,6z M31.3,11.6c0.1-0.2-1.9-0.2-4.5-1.2s-5.4-1.6-7.8-2C15,7.6,7.3,8.5,7.7,8.6\tC8,8.7,15.9,8.3,20.2,9.3c2.2,0.5,2.4,0.5,5.7,1.6S31.2,11.9,31.3,11.6z M73,9.2c0.4-0.1,3.5-1.6,8.4-2.6c4.9-1.1,8.9-0.5,8.9-0.8\tc0-0.3-1-0.9-6.2-0.3S72.6,9.3,73,9.2z M71.6,6.7C71.8,6.8,75,5.4,77.3,5c2.3-0.3,1.9-0.5,1.9-0.6c0-0.1-1.1-0.2-2.7,0.2\tC74.8,5.1,71.4,6.6,71.6,6.7z M93.6,4.4c0.1,0.2,3.5,0.8,5.6,1.8c2.1,1,1.8,0.6,1.9,0.5c0.1-0.1-0.8-0.8-2.4-1.3\tC97.1,4.8,93.5,4.2,93.6,4.4z M65.4,11.1c-0.1,0.3,0.3,0.5,1.9-0.2s2.6-1.3,2.2-1.2s-0.9,0.4-2.5,0.8C65.3,10.9,65.5,10.8,65.4,11.1\tz M34.5,12.4c-0.2,0,2.1,0.8,3.3,0.9c1.2,0.1,2,0.1,2-0.2c0-0.3-0.1-0.5-1.6-0.4C36.6,12.8,34.7,12.4,34.5,12.4z M152.2,21.1\tc-0.1,0.1-2.4-0.3-7.5-0.3c-5,0-13.6-2.4-17.2-3.5c-3.6-1.1,10,3.9,16.5,4.1C150.5,21.6,152.3,21,152.2,21.1z\"\/>\n\t<path class=\"elementor-shape-fill\" d=\"M269.6,18c-0.1-0.1-4.6,0.3-7.2,0c-7.3-0.7-17-3.2-16.6-2.9c0.4,0.3,13.7,3.1,17,3.3\tC267.7,18.8,269.7,18,269.6,18z\"\/>\n\t<path class=\"elementor-shape-fill\" d=\"M227.4,9.8c-0.2-0.1-4.5-1-9.5-1.2c-5-0.2-12.7,0.6-12.3,0.5c0.3-0.1,5.9-1.8,13.3-1.2\tS227.6,9.9,227.4,9.8z\"\/>\n\t<path class=\"elementor-shape-fill\" d=\"M204.5,13.4c-0.1-0.1,2-1,3.2-1.1c1.2-0.1,2,0,2,0.3c0,0.3-0.1,0.5-1.6,0.4\tC206.4,12.9,204.6,13.5,204.5,13.4z\"\/>\n\t<path class=\"elementor-shape-fill\" d=\"M201,10.6c0-0.1-4.4,1.2-6.3,2.2c-1.9,0.9-6.2,3.1-6.1,3.1c0.1,0.1,4.2-1.6,6.3-2.6\tS201,10.7,201,10.6z\"\/>\n\t<path class=\"elementor-shape-fill\" d=\"M154.5,26.7c-0.1-0.1-4.6,0.3-7.2,0c-7.3-0.7-17-3.2-16.6-2.9c0.4,0.3,13.7,3.1,17,3.3\tC152.6,27.5,154.6,26.8,154.5,26.7z\"\/>\n\t<path class=\"elementor-shape-fill\" d=\"M41.9,19.3c0,0,1.2-0.3,2.9-0.1c1.7,0.2,5.8,0.9,8.2,0.7c4.2-0.4,7.4-2.7,7-2.6\tc-0.4,0-4.3,2.2-8.6,1.9c-1.8-0.1-5.1-0.5-6.7-0.4S41.9,19.3,41.9,19.3z\"\/>\n\t<path class=\"elementor-shape-fill\" d=\"M75.5,12.6c0.2,0.1,2-0.8,4.3-1.1c2.3-0.2,2.1-0.3,2.1-0.5c0-0.1-1.8-0.4-3.4,0\tC76.9,11.5,75.3,12.5,75.5,12.6z\"\/>\n\t<path class=\"elementor-shape-fill\" d=\"M15.6,13.2c0-0.1,4.3,0,6.7,0.5c2.4,0.5,5,1.9,5,2c0,0.1-2.7-0.8-5.1-1.4\tC19.9,13.7,15.7,13.3,15.6,13.2z\"\/>\n<\/svg>\t\t<\/div>\n\t\t\t\t<div class=\"elementor-shape elementor-shape-bottom\" aria-hidden=\"true\" data-negative=\"false\">\n\t\t\t<svg xmlns=\"http:\/\/www.w3.org\/2000\/svg\" viewBox=\"0 0 1000 100\" preserveAspectRatio=\"none\">\n\t<path class=\"elementor-shape-fill\" opacity=\"0.33\" d=\"M473,67.3c-203.9,88.3-263.1-34-320.3,0C66,119.1,0,59.7,0,59.7V0h1000v59.7 c0,0-62.1,26.1-94.9,29.3c-32.8,3.3-62.8-12.3-75.8-22.1C806,49.6,745.3,8.7,694.9,4.7S492.4,59,473,67.3z\"\/>\n\t<path class=\"elementor-shape-fill\" opacity=\"0.66\" d=\"M734,67.3c-45.5,0-77.2-23.2-129.1-39.1c-28.6-8.7-150.3-10.1-254,39.1 s-91.7-34.4-149.2,0C115.7,118.3,0,39.8,0,39.8V0h1000v36.5c0,0-28.2-18.5-92.1-18.5C810.2,18.1,775.7,67.3,734,67.3z\"\/>\n\t<path class=\"elementor-shape-fill\" d=\"M766.1,28.9c-200-57.5-266,65.5-395.1,19.5C242,1.8,242,5.4,184.8,20.6C128,35.8,132.3,44.9,89.9,52.5C28.6,63.7,0,0,0,0 h1000c0,0-9.9,40.9-83.6,48.1S829.6,47,766.1,28.9z\"\/>\n<\/svg>\t\t<\/div>\n\t\t<div class=\"elementor-element elementor-element-8100cf2 e-con-full e-flex e-con e-child\" data-id=\"8100cf2\" data-element_type=\"container\">\n\t\t\t\t<div class=\"elementor-element elementor-element-cafc101 elementor-widget elementor-widget-heading\" data-id=\"cafc101\" data-element_type=\"widget\" data-widget_type=\"heading.default\">\n\t\t\t\t\t<h3 class=\"elementor-heading-title elementor-size-default\">Redirecionando para whatsapp<\/h3>\t\t\t\t<\/div>\n\t\t\t\t<div class=\"elementor-element elementor-element-9830a7a elementor-widget elementor-widget-heading\" data-id=\"9830a7a\" data-element_type=\"widget\" data-widget_type=\"heading.default\">\n\t\t\t\t\t<p class=\"elementor-heading-title elementor-size-default\">Caso o link n\u00e3o funcione, clique abaixo..<\/p>\t\t\t\t<\/div>\n\t\t\t\t<div class=\"elementor-element elementor-element-8198199 elementor-mobile-align-justify elementor-widget-mobile__width-inherit elementor-widget elementor-widget-button\" data-id=\"8198199\" data-element_type=\"widget\" data-widget_type=\"button.default\">\n\t\t\t\t\t\t\t\t\t\t<a class=\"elementor-button elementor-button-link elementor-size-sm\" href=\"https:\/\/api.whatsapp.com\/send\/?phone=5511940063968&#038;text&#038;type=phone_number&#038;app_absent=0\">\n\t\t\t\t\t\t<span class=\"elementor-button-content-wrapper\">\n\t\t\t\t\t\t\t\t\t<span class=\"elementor-button-text\">Entrar em contato<\/span>\n\t\t\t\t\t<\/span>\n\t\t\t\t\t<\/a>\n\t\t\t\t\t\t\t\t<\/div>\n\t\t\t\t<\/div>\n\t\t\t\t<\/div>\n\t\t<div class=\"elementor-element elementor-element-97230ac e-flex e-con-boxed e-con e-parent\" data-id=\"97230ac\" data-element_type=\"container\">\n\t\t\t\t\t<div class=\"e-con-inner\">\n\t\t\t\t<div class=\"elementor-element elementor-element-df4fde3 elementor-widget elementor-widget-shortcode\" data-id=\"df4fde3\" data-element_type=\"widget\" data-widget_type=\"shortcode.default\">\n\t\t\t\t\t\t\t<div class=\"elementor-shortcode\"><!-- HFCM by 99 Robots - Snippet # 2: Converte em whatsapp -->\n<!-- Event snippet for Visualiza\u00e7\u00e3o de p\u00e1gina conversion page -->\r\n<script>\r\n  gtag('event', 'conversion', {\r\n      'send_to': 'AW-17858972066\/HPZ3CIH7xt4bEKKT6cNC',\r\n      'value': 1.0,\r\n      'currency': 'BRL'\r\n  });\r\n<\/script>\r\n\n<!-- \/end HFCM by 99 Robots -->\n<\/div>\n\t\t\t\t\t\t<\/div>\n\t\t\t\t<div class=\"elementor-element elementor-element-3a2f9f9 elementor-widget elementor-widget-html\" data-id=\"3a2f9f9\" data-element_type=\"widget\" data-widget_type=\"html.default\">\n\t\t\t\t\t<script>\r\n  setTimeout(function () {\r\n    window.location.href = \"https:\/\/api.whatsapp.com\/send\/?phone=5511940063968&text&type=phone_number&app_absent=0\";\r\n  }, 1500);\r\n<\/script>\r\n\t\t\t\t<\/div>\n\t\t\t\t\t<\/div>\n\t\t\t\t<\/div>\n\t\t\t\t<\/div>\n\t\t","protected":false},"excerpt":{"rendered":"<p>Redirecionando para whatsapp Caso o link n\u00e3o funcione, clique abaixo.. Entrar em contato<\/p>\n","protected":false},"author":1,"featured_media":0,"parent":0,"menu_order":0,"comment_status":"closed","ping_status":"closed","template":"","meta":{"footnotes":""},"class_list":["post-177","page","type-page","status-publish","hentry"],"_links":{"self":[{"href":"https:\/\/planetacoloridoescola.com.br\/index.php\/wp-json\/wp\/v2\/pages\/177","targetHints":{"allow":["GET"]}}],"collection":[{"href":"https:\/\/planetacoloridoescola.com.br\/index.php\/wp-json\/wp\/v2\/pages"}],"about":[{"href":"https:\/\/planetacoloridoescola.com.br\/index.php\/wp-json\/wp\/v2\/types\/page"}],"author":[{"embeddable":true,"href":"https:\/\/planetacoloridoescola.com.br\/index.php\/wp-json\/wp\/v2\/users\/1"}],"replies":[{"embeddable":true,"href":"https:\/\/planetacoloridoescola.com.br\/index.php\/wp-json\/wp\/v2\/comments?post=177"}],"version-history":[{"count":14,"href":"https:\/\/planetacoloridoescola.com.br\/index.php\/wp-json\/wp\/v2\/pages\/177\/revisions"}],"predecessor-version":[{"id":195,"href":"https:\/\/planetacoloridoescola.com.br\/index.php\/wp-json\/wp\/v2\/pages\/177\/revisions\/195"}],"wp:attachment":[{"href":"https:\/\/planetacoloridoescola.com.br\/index.php\/wp-json\/wp\/v2\/media?parent=177"}],"curies":[{"name":"wp","href":"https:\/\/api.w.org\/{rel}","templated":true}]}}